{"id":9,"date":"2025-08-08T18:09:28","date_gmt":"2025-08-08T18:09:28","guid":{"rendered":"https:\/\/motellamina.com\/?page_id=9"},"modified":"2025-10-31T23:21:32","modified_gmt":"2025-10-31T23:21:32","slug":"home","status":"publish","type":"page","link":"https:\/\/motellamina.com\/","title":{"rendered":"Home"},"content":{"rendered":"<p>[et_pb_section fb_built=\u00bb1&#8243; _builder_version=\u00bb4.27.4&#8243; _module_preset=\u00bbdefault\u00bb background_video_mp4=\u00bbhttps:\/\/motellamina.com\/wp-content\/uploads\/2025\/08\/Motel-La-Mina.mp4&#8243; custom_margin=\u00bb||||false|false\u00bb custom_padding=\u00bb134px||134px||true|\u00bb global_colors_info=\u00bb{}\u00bb][et_pb_row _builder_version=\u00bb4.27.4&#8243; _module_preset=\u00bbdefault\u00bb custom_margin=\u00bb|auto|9px|auto||\u00bb global_colors_info=\u00bb{}\u00bb][et_pb_column type=\u00bb4_4&#8243; _builder_version=\u00bb4.27.4&#8243; _module_preset=\u00bbdefault\u00bb global_colors_info=\u00bb{}\u00bb][et_pb_image src=\u00bbhttps:\/\/motellamina.com\/wp-content\/uploads\/2025\/08\/762578_989352.webp\u00bb title_text=\u00bb762578_989352&#8243; _builder_version=\u00bb4.27.4&#8243; _module_preset=\u00bbdefault\u00bb global_colors_info=\u00bb{}\u00bb][\/et_pb_image][et_pb_text _builder_version=\u00bb4.27.4&#8243; _module_preset=\u00bbdefault\u00bb header_font=\u00bbMontserrat||||||||\u00bb header_text_align=\u00bbcenter\u00bb header_text_color=\u00bb#FFFFFF\u00bb header_font_size=\u00bb33px\u00bb global_colors_info=\u00bb{}\u00bb]<\/p>\n<h1>El Motel La Mina es el mejor lugar para estar\u2026 cerca.<\/h1>\n<p>[\/et_pb_text][et_pb_button button_url=\u00bbhttps:\/\/maps.app.goo.gl\/d1Chh4eNZg27EAqT7&#8243; url_new_window=\u00bbon\u00bb button_text=\u00bb\u00bfCOMO LLEGAR?\u00bb button_alignment=\u00bbcenter\u00bb _builder_version=\u00bb4.27.4&#8243; _module_preset=\u00bbdefault\u00bb custom_button=\u00bbon\u00bb button_text_color=\u00bb#FFFFFF\u00bb button_font=\u00bbMontserrat||||||||\u00bb global_colors_info=\u00bb{}\u00bb][\/et_pb_button][\/et_pb_column][\/et_pb_row][\/et_pb_section][et_pb_section fb_built=\u00bb1&#8243; module_id=\u00bbhabitaciones\u00bb module_class=\u00bbhabitaciones\u00bb _builder_version=\u00bb4.27.4&#8243; _module_preset=\u00bbdefault\u00bb use_background_color_gradient=\u00bbon\u00bb background_color_gradient_repeat=\u00bbon\u00bb background_color_gradient_stops=\u00bbrgba(0,0,0,0.17) 0%|rgba(0,0,0,0.7) 99%\u00bb background_color_gradient_overlays_image=\u00bbon\u00bb background_image=\u00bbhttps:\/\/motellamina.com\/wp-content\/uploads\/2025\/08\/596646_785898.webp\u00bb custom_padding=\u00bb69px||94px|||\u00bb global_colors_info=\u00bb{}\u00bb][et_pb_row _builder_version=\u00bb4.27.4&#8243; _module_preset=\u00bbdefault\u00bb global_colors_info=\u00bb{}\u00bb][et_pb_column type=\u00bb4_4&#8243; _builder_version=\u00bb4.27.4&#8243; _module_preset=\u00bbdefault\u00bb global_colors_info=\u00bb{}\u00bb][et_pb_text _builder_version=\u00bb4.27.4&#8243; _module_preset=\u00bbdefault\u00bb header_2_font=\u00bbMontserrat|700||on|||||\u00bb header_2_text_align=\u00bbcenter\u00bb header_2_text_color=\u00bb#FFFFFF\u00bb background_color=\u00bbrgba(0,0,0,0.55)\u00bb custom_margin=\u00bb||||false|false\u00bb custom_padding=\u00bb35px|200px|35px|200px|true|true\u00bb custom_padding_tablet=\u00bb35px|200px|35px|200px|true|true\u00bb custom_padding_phone=\u00bb20px|9px|20px|9px|true|true\u00bb custom_padding_last_edited=\u00bbon|phone\u00bb header_2_font_size_tablet=\u00bb\u00bb header_2_font_size_phone=\u00bb23px\u00bb header_2_font_size_last_edited=\u00bbon|phone\u00bb global_colors_info=\u00bb{}\u00bb]<\/p>\n<h2>Todas las habitaciones cuentan con tubo, sill\u00f3n de posiciones, wi-fi y aire acondicionado.<\/h2>\n<h2>Amenidades: Jab\u00f3n, shampoo, crema de manos, gorra de ba\u00f1o, sandalias.<\/h2>\n<p>[\/et_pb_text][\/et_pb_column][\/et_pb_row][et_pb_row column_structure=\u00bb1_2,1_2&#8243; _builder_version=\u00bb4.27.4&#8243; _module_preset=\u00bbdefault\u00bb global_colors_info=\u00bb{}\u00bb][et_pb_column type=\u00bb1_2&#8243; _builder_version=\u00bb4.27.4&#8243; _module_preset=\u00bbdefault\u00bb global_colors_info=\u00bb{}\u00bb][et_pb_text _builder_version=\u00bb4.27.4&#8243; _module_preset=\u00bbdefault\u00bb header_3_font=\u00bbMontserrat||||||||\u00bb header_3_text_align=\u00bbcenter\u00bb header_3_text_color=\u00bb#000000&#8243; background_color=\u00bb#FFFFFF\u00bb custom_padding=\u00bb13px||13px||true|false\u00bb border_radii=\u00bbon|10px|10px|10px|10px\u00bb global_colors_info=\u00bb{}\u00bb]<\/p>\n<h3>HABITACI\u00d3N SENCILLA<\/h3>\n<p>[\/et_pb_text][et_pb_text _builder_version=\u00bb4.27.4&#8243; _module_preset=\u00bbdefault\u00bb text_font=\u00bbMontserrat||||||||\u00bb text_text_color=\u00bb#FFFFFF\u00bb text_font_size=\u00bb25px\u00bb text_line_height=\u00bb1.4em\u00bb text_font_size_tablet=\u00bb25px\u00bb text_font_size_phone=\u00bb20px\u00bb text_font_size_last_edited=\u00bbon|phone\u00bb global_colors_info=\u00bb{}\u00bb]<\/p>\n<p style=\"text-align: center;\">$480 Por 8 horas de estancia.<br \/>$720 Por 12 hrs.<\/p>\n<p>[\/et_pb_text][\/et_pb_column][et_pb_column type=\u00bb1_2&#8243; _builder_version=\u00bb4.27.4&#8243; _module_preset=\u00bbdefault\u00bb global_colors_info=\u00bb{}\u00bb][et_pb_text _builder_version=\u00bb4.27.4&#8243; _module_preset=\u00bbdefault\u00bb header_3_font=\u00bbMontserrat||||||||\u00bb header_3_text_align=\u00bbcenter\u00bb header_3_text_color=\u00bb#000000&#8243; background_color=\u00bb#FFFFFF\u00bb custom_padding=\u00bb13px||13px||true|false\u00bb border_radii=\u00bbon|10px|10px|10px|10px\u00bb global_colors_info=\u00bb{}\u00bb]<\/p>\n<h3>HABITACI\u00d3N CON JACUZZI<\/h3>\n<p>[\/et_pb_text][et_pb_text _builder_version=\u00bb4.27.4&#8243; _module_preset=\u00bbdefault\u00bb text_font=\u00bbMontserrat||||||||\u00bb text_text_color=\u00bb#FFFFFF\u00bb text_font_size=\u00bb25px\u00bb text_line_height=\u00bb1.4em\u00bb text_font_size_tablet=\u00bb25px\u00bb text_font_size_phone=\u00bb20px\u00bb text_font_size_last_edited=\u00bbon|phone\u00bb global_colors_info=\u00bb{}\u00bb]<\/p>\n<p style=\"text-align: center;\">$750 Por 8 horas de estancia.<br \/>$1,125 Por 12 hrs.<\/p>\n<p>[\/et_pb_text][\/et_pb_column][\/et_pb_row][et_pb_row column_structure=\u00bb1_6,1_6,1_6,1_6,1_6,1_6&#8243; _builder_version=\u00bb4.27.4&#8243; _module_preset=\u00bbdefault\u00bb global_colors_info=\u00bb{}\u00bb][et_pb_column type=\u00bb1_6&#8243; _builder_version=\u00bb4.27.4&#8243; _module_preset=\u00bbdefault\u00bb global_colors_info=\u00bb{}\u00bb][et_pb_image src=\u00bbhttps:\/\/motellamina.com\/wp-content\/uploads\/2025\/08\/233867_894339.webp\u00bb title_text=\u00bb233867_894339&#8243; _builder_version=\u00bb4.27.4&#8243; _module_preset=\u00bbdefault\u00bb global_colors_info=\u00bb{}\u00bb][\/et_pb_image][\/et_pb_column][et_pb_column type=\u00bb1_6&#8243; _builder_version=\u00bb4.27.4&#8243; _module_preset=\u00bbdefault\u00bb global_colors_info=\u00bb{}\u00bb][et_pb_image src=\u00bbhttps:\/\/motellamina.com\/wp-content\/uploads\/2025\/08\/14703_734204.webp\u00bb title_text=\u00bb14703_734204&#8243; _builder_version=\u00bb4.27.4&#8243; _module_preset=\u00bbdefault\u00bb global_colors_info=\u00bb{}\u00bb][\/et_pb_image][\/et_pb_column][et_pb_column type=\u00bb1_6&#8243; _builder_version=\u00bb4.27.4&#8243; _module_preset=\u00bbdefault\u00bb global_colors_info=\u00bb{}\u00bb][et_pb_image src=\u00bbhttps:\/\/motellamina.com\/wp-content\/uploads\/2025\/08\/244578_510560.webp\u00bb title_text=\u00bb244578_510560&#8243; _builder_version=\u00bb4.27.4&#8243; _module_preset=\u00bbdefault\u00bb global_colors_info=\u00bb{}\u00bb][\/et_pb_image][\/et_pb_column][et_pb_column type=\u00bb1_6&#8243; _builder_version=\u00bb4.27.4&#8243; _module_preset=\u00bbdefault\u00bb global_colors_info=\u00bb{}\u00bb][et_pb_image src=\u00bbhttps:\/\/motellamina.com\/wp-content\/uploads\/2025\/08\/721155_118304.webp\u00bb title_text=\u00bb721155_118304&#8243; _builder_version=\u00bb4.27.4&#8243; _module_preset=\u00bbdefault\u00bb global_colors_info=\u00bb{}\u00bb][\/et_pb_image][\/et_pb_column][et_pb_column type=\u00bb1_6&#8243; _builder_version=\u00bb4.27.4&#8243; _module_preset=\u00bbdefault\u00bb global_colors_info=\u00bb{}\u00bb][et_pb_image src=\u00bbhttps:\/\/motellamina.com\/wp-content\/uploads\/2025\/08\/60232_834123.webp\u00bb title_text=\u00bb60232_834123&#8243; _builder_version=\u00bb4.27.4&#8243; _module_preset=\u00bbdefault\u00bb global_colors_info=\u00bb{}\u00bb][\/et_pb_image][\/et_pb_column][et_pb_column type=\u00bb1_6&#8243; _builder_version=\u00bb4.27.4&#8243; _module_preset=\u00bbdefault\u00bb global_colors_info=\u00bb{}\u00bb][et_pb_image src=\u00bbhttps:\/\/motellamina.com\/wp-content\/uploads\/2025\/08\/742336_31854.webp\u00bb title_text=\u00bb742336_31854&#8243; _builder_version=\u00bb4.27.4&#8243; _module_preset=\u00bbdefault\u00bb global_colors_info=\u00bb{}\u00bb][\/et_pb_image][\/et_pb_column][\/et_pb_row][\/et_pb_section][et_pb_section fb_built=\u00bb1&#8243; module_id=\u00bbgaleria\u00bb module_class=\u00bbgaleria\u00bb _builder_version=\u00bb4.27.4&#8243; _module_preset=\u00bbdefault\u00bb background_color=\u00bb#000000&#8243; custom_padding=\u00bb0px||0px|||\u00bb global_colors_info=\u00bb{}\u00bb][et_pb_row _builder_version=\u00bb4.27.4&#8243; _module_preset=\u00bbdefault\u00bb width=\u00bb95%\u00bb max_width=\u00bb95%\u00bb global_colors_info=\u00bb{}\u00bb][et_pb_column type=\u00bb4_4&#8243; _builder_version=\u00bb4.27.4&#8243; _module_preset=\u00bbdefault\u00bb global_colors_info=\u00bb{}\u00bb][et_pb_gallery gallery_ids=\u00bb29,25,24,23,22,21,20,19,16&#8243; fullwidth=\u00bbon\u00bb _builder_version=\u00bb4.27.4&#8243; _module_preset=\u00bbdefault\u00bb background_color=\u00bbRGBA(255,255,255,0)\u00bb border_radii=\u00bbon|20px|20px|20px|20px\u00bb global_colors_info=\u00bb{}\u00bb][\/et_pb_gallery][\/et_pb_column][\/et_pb_row][\/et_pb_section]<\/p>\n","protected":false},"excerpt":{"rendered":"<p>El Motel La Mina es el mejor lugar para estar\u2026 cerca.Todas las habitaciones cuentan con tubo, sill\u00f3n de posiciones, wi-fi y aire acondicionado. Amenidades: Jab\u00f3n, shampoo, crema de manos, gorra de ba\u00f1o, sandalias.HABITACI\u00d3N SENCILLA$480 Por 8 horas de estancia.$720 Por 12 hrs.HABITACI\u00d3N CON JACUZZI$750 Por 8 horas de estancia.$1,125 Por 12 hrs.<\/p>\n","protected":false},"author":1,"featured_media":0,"parent":0,"menu_order":0,"comment_status":"closed","ping_status":"closed","template":"","meta":{"_et_pb_use_builder":"on","_et_pb_old_content":"","_et_gb_content_width":"","footnotes":""},"class_list":["post-9","page","type-page","status-publish","hentry"],"_links":{"self":[{"href":"https:\/\/motellamina.com\/index.php?rest_route=\/wp\/v2\/pages\/9","targetHints":{"allow":["GET"]}}],"collection":[{"href":"https:\/\/motellamina.com\/index.php?rest_route=\/wp\/v2\/pages"}],"about":[{"href":"https:\/\/motellamina.com\/index.php?rest_route=\/wp\/v2\/types\/page"}],"author":[{"embeddable":true,"href":"https:\/\/motellamina.com\/index.php?rest_route=\/wp\/v2\/users\/1"}],"replies":[{"embeddable":true,"href":"https:\/\/motellamina.com\/index.php?rest_route=%2Fwp%2Fv2%2Fcomments&post=9"}],"version-history":[{"count":16,"href":"https:\/\/motellamina.com\/index.php?rest_route=\/wp\/v2\/pages\/9\/revisions"}],"predecessor-version":[{"id":68,"href":"https:\/\/motellamina.com\/index.php?rest_route=\/wp\/v2\/pages\/9\/revisions\/68"}],"wp:attachment":[{"href":"https:\/\/motellamina.com\/index.php?rest_route=%2Fwp%2Fv2%2Fmedia&parent=9"}],"curies":[{"name":"wp","href":"https:\/\/api.w.org\/{rel}","templated":true}]}}